{"id":9605,"date":"2023-04-04T15:23:00","date_gmt":"2023-04-04T13:23:00","guid":{"rendered":"https:\/\/tb-gradient.com\/?page_id=9605"},"modified":"2026-01-20T14:35:49","modified_gmt":"2026-01-20T13:35:49","slug":"ueber-uns","status":"publish","type":"page","link":"https:\/\/tb-gradient.com\/en\/ueber-uns\/","title":{"rendered":"About us"},"content":{"rendered":"<div data-elementor-type=\"wp-page\" data-elementor-id=\"9605\" class=\"elementor elementor-9605\" data-elementor-post-type=\"page\">\n\t\t\t\t\t\t<section class=\"elementor-section elementor-top-section elementor-element elementor-element-23e67ff elementor-section-height-min-height elementor-section-boxed elementor-section-height-default elementor-section-items-middle\" data-id=\"23e67ff\" data-element_type=\"section\" data-settings=\"{&quot;background_background&quot;:&quot;classic&quot;}\">\n\t\t\t\t\t\t\t<div class=\"elementor-background-overlay\"><\/div>\n\t\t\t\t\t\t\t<div class=\"elementor-container elementor-column-gap-no\">\n\t\t\t\t\t<div class=\"elementor-column elementor-col-100 elementor-top-column elementor-element elementor-element-c03e5f4\" data-id=\"c03e5f4\" data-element_type=\"column\">\n\t\t\t<div class=\"elementor-widget-wrap elementor-element-populated\">\n\t\t\t\t\t\t<div class=\"elementor-element elementor-element-91e086e elementor-invisible elementor-widget elementor-widget-heading\" data-id=\"91e086e\" data-element_type=\"widget\" data-settings=\"{&quot;_animation&quot;:&quot;fadeInUp&quot;}\" data-widget_type=\"heading.default\">\n\t\t\t\t<div class=\"elementor-widget-container\">\n\t\t\t\t\t<h1 class=\"elementor-heading-title elementor-size-default\">Precision is our standard.<\/h1>\t\t\t\t<\/div>\n\t\t\t\t<\/div>\n\t\t\t\t<div class=\"elementor-element elementor-element-5dad481 elementor-invisible elementor-widget elementor-widget-text-editor\" data-id=\"5dad481\" data-element_type=\"widget\" data-settings=\"{&quot;_animation&quot;:&quot;fadeInUp&quot;}\" data-widget_type=\"text-editor.default\">\n\t\t\t\t<div class=\"elementor-widget-container\">\n\t\t\t\t\t\t\t\t\t<p>First-class equipment, well thought-out design and uncompromising reliability - we are your specialist for professional workshop equipment.<\/p>\t\t\t\t\t\t\t\t<\/div>\n\t\t\t\t<\/div>\n\t\t\t\t\t<\/div>\n\t\t<\/div>\n\t\t\t\t\t<\/div>\n\t\t<\/section>\n\t\t\t\t<section class=\"elementor-section elementor-top-section elementor-element elementor-element-bce9674 elementor-section-height-min-height elementor-section-items-stretch elementor-section-content-middle elementor-section-boxed elementor-section-height-default\" data-id=\"bce9674\" data-element_type=\"section\" data-settings=\"{&quot;background_background&quot;:&quot;classic&quot;}\">\n\t\t\t\t\t\t<div class=\"elementor-container elementor-column-gap-no\">\n\t\t\t\t\t<div class=\"elementor-column elementor-col-50 elementor-top-column elementor-element elementor-element-363bde7\" data-id=\"363bde7\" data-element_type=\"column\">\n\t\t\t<div class=\"elementor-widget-wrap elementor-element-populated\">\n\t\t\t\t\t\t<div class=\"elementor-element elementor-element-3d8fc54 elementor-invisible elementor-widget elementor-widget-heading\" data-id=\"3d8fc54\" data-element_type=\"widget\" data-settings=\"{&quot;_animation&quot;:&quot;fadeInUp&quot;}\" data-widget_type=\"heading.default\">\n\t\t\t\t<div class=\"elementor-widget-container\">\n\t\t\t\t\t<p class=\"elementor-heading-title elementor-size-default\">TB GRADIENT<\/p>\t\t\t\t<\/div>\n\t\t\t\t<\/div>\n\t\t\t\t<div class=\"elementor-element elementor-element-6fbaed0 elementor-invisible elementor-widget elementor-widget-text-editor\" data-id=\"6fbaed0\" data-element_type=\"widget\" data-settings=\"{&quot;_animation&quot;:&quot;fadeInUp&quot;}\" data-widget_type=\"text-editor.default\">\n\t\t\t\t<div class=\"elementor-widget-container\">\n\t\t\t\t\t\t\t\t\t<p>TB-Gradient is your partner for high-quality workshop equipment. Since 2003, we have been impressing customers with our wide range of products, technical expertise and international presence. Our claim: uncompromising quality and customer focus in every detail.<\/p>\t\t\t\t\t\t\t\t<\/div>\n\t\t\t\t<\/div>\n\t\t\t\t<div class=\"elementor-element elementor-element-080ca78 elementor-invisible elementor-widget elementor-widget-text-editor\" data-id=\"080ca78\" data-element_type=\"widget\" data-settings=\"{&quot;_animation&quot;:&quot;fadeInUp&quot;}\" data-widget_type=\"text-editor.default\">\n\t\t\t\t<div class=\"elementor-widget-container\">\n\t\t\t\t\t\t\t\t\t<p>Since its foundation in 2003, the <strong>TB GRADIENT<\/strong> based in Trebbin near Berlin, has developed into an internationally recognised specialist for workshop equipment. Our extensive product range and our focus on the highest quality have earned us an excellent reputation in the industry in a short space of time.\u00a0<\/p>\t\t\t\t\t\t\t\t<\/div>\n\t\t\t\t<\/div>\n\t\t\t\t<div class=\"elementor-element elementor-element-6966039 elementor-invisible elementor-widget elementor-widget-text-editor\" data-id=\"6966039\" data-element_type=\"widget\" data-settings=\"{&quot;_animation&quot;:&quot;fadeIn&quot;}\" data-widget_type=\"text-editor.default\">\n\t\t\t\t<div class=\"elementor-widget-container\">\n\t\t\t\t\t\t\t\t\t<p><strong>TB GRADIENT's success is based on clear principles:<\/strong><\/p>\t\t\t\t\t\t\t\t<\/div>\n\t\t\t\t<\/div>\n\t\t\t\t<div class=\"elementor-element elementor-element-8a132f9 elementor-icon-list--layout-traditional elementor-list-item-link-full_width elementor-invisible elementor-widget elementor-widget-icon-list\" data-id=\"8a132f9\" data-element_type=\"widget\" data-settings=\"{&quot;_animation&quot;:&quot;fadeInUp&quot;}\" data-widget_type=\"icon-list.default\">\n\t\t\t\t<div class=\"elementor-widget-container\">\n\t\t\t\t\t\t\t<ul class=\"elementor-icon-list-items\">\n\t\t\t\t\t\t\t<li class=\"elementor-icon-list-item\">\n\t\t\t\t\t\t\t\t\t\t\t<span class=\"elementor-icon-list-icon\">\n\t\t\t\t\t\t\t<i aria-hidden=\"true\" class=\"fas fa-check\"><\/i>\t\t\t\t\t\t<\/span>\n\t\t\t\t\t\t\t\t\t\t<span class=\"elementor-icon-list-text\"><b>Experienced team of experts: <\/b>Our team consists of experienced specialists who know the market and its requirements inside out.<\/span>\n\t\t\t\t\t\t\t\t\t<\/li>\n\t\t\t\t\t\t\t\t<li class=\"elementor-icon-list-item\">\n\t\t\t\t\t\t\t\t\t\t\t<span class=\"elementor-icon-list-icon\">\n\t\t\t\t\t\t\t<i aria-hidden=\"true\" class=\"fas fa-check\"><\/i>\t\t\t\t\t\t<\/span>\n\t\t\t\t\t\t\t\t\t\t<span class=\"elementor-icon-list-text\"><b>Customer orientation: <\/b>We focus uncompromisingly on the needs of our customers and offer customised solutions.<\/span>\n\t\t\t\t\t\t\t\t\t<\/li>\n\t\t\t\t\t\t\t\t<li class=\"elementor-icon-list-item\">\n\t\t\t\t\t\t\t\t\t\t\t<span class=\"elementor-icon-list-icon\">\n\t\t\t\t\t\t\t<i aria-hidden=\"true\" class=\"fas fa-check\"><\/i>\t\t\t\t\t\t<\/span>\n\t\t\t\t\t\t\t\t\t\t<span class=\"elementor-icon-list-text\"><b>Trend awareness: <\/b>We always keep an eye on current trends and developments in the industry.<\/span>\n\t\t\t\t\t\t\t\t\t<\/li>\n\t\t\t\t\t\t\t\t<li class=\"elementor-icon-list-item\">\n\t\t\t\t\t\t\t\t\t\t\t<span class=\"elementor-icon-list-icon\">\n\t\t\t\t\t\t\t<i aria-hidden=\"true\" class=\"fas fa-check\"><\/i>\t\t\t\t\t\t<\/span>\n\t\t\t\t\t\t\t\t\t\t<span class=\"elementor-icon-list-text\"><b>Innovative strength: <\/b>We react quickly to market innovations and invest up to % of our profits in the further development of our products every year.<\/span>\n\t\t\t\t\t\t\t\t\t<\/li>\n\t\t\t\t\t\t\t\t<li class=\"elementor-icon-list-item\">\n\t\t\t\t\t\t\t\t\t\t\t<span class=\"elementor-icon-list-icon\">\n\t\t\t\t\t\t\t<i aria-hidden=\"true\" class=\"fas fa-check\"><\/i>\t\t\t\t\t\t<\/span>\n\t\t\t\t\t\t\t\t\t\t<span class=\"elementor-icon-list-text\"><b>Quality assurance: <\/b>We ensure the quality of our products at every stage of the production chain - from design and manufacture to installation.<\/span>\n\t\t\t\t\t\t\t\t\t<\/li>\n\t\t\t\t\t\t<\/ul>\n\t\t\t\t\t\t<\/div>\n\t\t\t\t<\/div>\n\t\t\t\t<div class=\"elementor-element elementor-element-df56f23 elementor-invisible elementor-widget elementor-widget-text-editor\" data-id=\"df56f23\" data-element_type=\"widget\" data-settings=\"{&quot;_animation&quot;:&quot;fadeInUp&quot;}\" data-widget_type=\"text-editor.default\">\n\t\t\t\t<div class=\"elementor-widget-container\">\n\t\t\t\t\t\t\t\t\t<p>We are responsible for the entire value chain, as this is the only way we can guarantee the high standards of our products. Our product range is designed to meet the needs of a modern workshop. From state-of-the-art tyre changing machines and computer-aided balancing machines to paint booths and body shop accessories - we offer solutions that impress.<\/p>\t\t\t\t\t\t\t\t<\/div>\n\t\t\t\t<\/div>\n\t\t\t\t<div class=\"elementor-element elementor-element-bb00a3e elementor-invisible elementor-widget elementor-widget-text-editor\" data-id=\"bb00a3e\" data-element_type=\"widget\" data-settings=\"{&quot;_animation&quot;:&quot;fadeInUp&quot;}\" data-widget_type=\"text-editor.default\">\n\t\t\t\t<div class=\"elementor-widget-container\">\n\t\t\t\t\t\t\t\t\t<p>In the tyre changer sector, we sell semi-automatic and fully automatic machines for cars and trucks. Our high-precision balancing machines meet the highest demands of professionals - whether for cars, lorries or motorbikes. Other highlights from our product portfolio include exhaust hose systems and used oil extractors.<\/p>\t\t\t\t\t\t\t\t<\/div>\n\t\t\t\t<\/div>\n\t\t\t\t<div class=\"elementor-element elementor-element-0191138 elementor-invisible elementor-widget elementor-widget-text-editor\" data-id=\"0191138\" data-element_type=\"widget\" data-settings=\"{&quot;_animation&quot;:&quot;fadeInUp&quot;}\" data-widget_type=\"text-editor.default\">\n\t\t\t\t<div class=\"elementor-widget-container\">\n\t\t\t\t\t\t\t\t\t<p>All our products are internationally certified and fulfil the highest technical requirements of the workshop equipment industry. <strong>TB GRADIENT<\/strong> stands for quality, innovation and reliability - worldwide.<\/p>\t\t\t\t\t\t\t\t<\/div>\n\t\t\t\t<\/div>\n\t\t\t\t<div class=\"elementor-element elementor-element-f8c8223 elementor-invisible elementor-widget elementor-widget-text-editor\" data-id=\"f8c8223\" data-element_type=\"widget\" data-settings=\"{&quot;_animation&quot;:&quot;fadeIn&quot;}\" data-widget_type=\"text-editor.default\">\n\t\t\t\t<div class=\"elementor-widget-container\">\n\t\t\t\t\t\t\t\t\t<p>Yours <strong>TB GRADIENT<\/strong> Team<\/p>\t\t\t\t\t\t\t\t<\/div>\n\t\t\t\t<\/div>\n\t\t\t\t\t<\/div>\n\t\t<\/div>\n\t\t\t\t<div class=\"elementor-column elementor-col-50 elementor-top-column elementor-element elementor-element-6f1fa36 elementor-invisible\" data-id=\"6f1fa36\" data-element_type=\"column\" data-settings=\"{&quot;background_background&quot;:&quot;classic&quot;,&quot;animation&quot;:&quot;fadeIn&quot;}\">\n\t\t\t<div class=\"elementor-widget-wrap elementor-element-populated\">\n\t\t\t\t\t\t<div class=\"elementor-element elementor-element-6f8f2a3 elementor-invisible elementor-widget elementor-widget-image\" data-id=\"6f8f2a3\" data-element_type=\"widget\" data-settings=\"{&quot;_animation&quot;:&quot;fadeInUp&quot;}\" data-widget_type=\"image.default\">\n\t\t\t\t<div class=\"elementor-widget-container\">\n\t\t\t\t\t\t\t\t\t\t\t\t\t\t\t<img fetchpriority=\"high\" decoding=\"async\" width=\"800\" height=\"500\" src=\"https:\/\/tb-gradient.com\/wp-content\/uploads\/2023\/04\/TB-Gradient-ueber-uns-1024x640.jpg\" class=\"attachment-large size-large wp-image-14856\" alt=\"Grafisches Motiv auf schwarzem Hintergrund mit dem Schriftzug \u201eTHINK\u201c. Die Buchstaben sind in Wei\u00df und Cyan gestaltet, teils in K\u00e4sten und teils auf schraffierten Fl\u00e4chen angeordnet. Rechts steht der hervorgehobene Buchstabe \u201eK\u201c in einem cyanfarbenen Rahmen mit dem Zusatz \u201eOUTSIDE THE BOX!\u201c. Oben links ist das Logo \u201eTB Gradient\u201c platziert. Das Design wirkt modern, kontrastreich und kreativ.\" srcset=\"https:\/\/tb-gradient.com\/wp-content\/uploads\/2023\/04\/TB-Gradient-ueber-uns-1024x640.jpg 1024w, https:\/\/tb-gradient.com\/wp-content\/uploads\/2023\/04\/TB-Gradient-ueber-uns-300x188.jpg 300w, https:\/\/tb-gradient.com\/wp-content\/uploads\/2023\/04\/TB-Gradient-ueber-uns-768x480.jpg 768w, https:\/\/tb-gradient.com\/wp-content\/uploads\/2023\/04\/TB-Gradient-ueber-uns-1536x960.jpg 1536w, https:\/\/tb-gradient.com\/wp-content\/uploads\/2023\/04\/TB-Gradient-ueber-uns-18x12.jpg 18w, https:\/\/tb-gradient.com\/wp-content\/uploads\/2023\/04\/TB-Gradient-ueber-uns.jpg 1600w\" sizes=\"(max-width: 800px) 100vw, 800px\" \/>\t\t\t\t\t\t\t\t\t\t\t\t\t\t\t<\/div>\n\t\t\t\t<\/div>\n\t\t\t\t\t<\/div>\n\t\t<\/div>\n\t\t\t\t\t<\/div>\n\t\t<\/section>\n\t\t\t\t<section class=\"elementor-section elementor-top-section elementor-element elementor-element-44fe746 elementor-section-boxed elementor-section-height-default elementor-section-height-default\" data-id=\"44fe746\" data-element_type=\"section\">\n\t\t\t\t\t\t<div class=\"elementor-container elementor-column-gap-default\">\n\t\t\t\t\t<div class=\"elementor-column elementor-col-100 elementor-top-column elementor-element elementor-element-abf5f89\" data-id=\"abf5f89\" data-element_type=\"column\">\n\t\t\t<div class=\"elementor-widget-wrap\">\n\t\t\t\t\t\t\t<\/div>\n\t\t<\/div>\n\t\t\t\t\t<\/div>\n\t\t<\/section>\n\t\t\t\t<\/div>","protected":false},"excerpt":{"rendered":"<p>Pr\u00e4zision ist unser Standard. Erstklassiges Equipment, durchdachtes Design und kompromisslose Zuverl\u00e4ssigkeit \u2013 wir sind Ihr Spezialist f\u00fcr professionelle Werkstattausr\u00fcstung. TB GRADIENT TB-Gradient ist Ihr Partner f\u00fcr hochwertige Werkstattausstattungen. Seit 2003 \u00fcberzeugen wir mit einer breiten Produktpalette, technischer Expertise und internationaler Pr\u00e4senz. Unser Anspruch: kompromisslose Qualit\u00e4t und Kundenn\u00e4he in jedem Detail. Seit der Gr\u00fcndung im Jahr [&hellip;]<\/p>","protected":false},"author":1,"featured_media":0,"parent":0,"menu_order":0,"comment_status":"closed","ping_status":"closed","template":"elementor_header_footer","meta":{"_acf_changed":false,"footnotes":""},"class_list":["post-9605","page","type-page","status-publish","hentry"],"acf":[],"_links":{"self":[{"href":"https:\/\/tb-gradient.com\/en\/wp-json\/wp\/v2\/pages\/9605","targetHints":{"allow":["GET"]}}],"collection":[{"href":"https:\/\/tb-gradient.com\/en\/wp-json\/wp\/v2\/pages"}],"about":[{"href":"https:\/\/tb-gradient.com\/en\/wp-json\/wp\/v2\/types\/page"}],"author":[{"embeddable":true,"href":"https:\/\/tb-gradient.com\/en\/wp-json\/wp\/v2\/users\/1"}],"replies":[{"embeddable":true,"href":"https:\/\/tb-gradient.com\/en\/wp-json\/wp\/v2\/comments?post=9605"}],"version-history":[{"count":0,"href":"https:\/\/tb-gradient.com\/en\/wp-json\/wp\/v2\/pages\/9605\/revisions"}],"wp:attachment":[{"href":"https:\/\/tb-gradient.com\/en\/wp-json\/wp\/v2\/media?parent=9605"}],"curies":[{"name":"wp","href":"https:\/\/api.w.org\/{rel}","templated":true}]}}